{"id":3953,"date":"2019-04-10T09:23:22","date_gmt":"2019-04-10T13:23:22","guid":{"rendered":"https:\/\/atoutsoccer.com\/camp-intensif\/"},"modified":"2026-03-27T17:52:35","modified_gmt":"2026-03-27T21:52:35","slug":"camp-intensif","status":"publish","type":"page","link":"https:\/\/atoutsoccer.com\/en\/camp-intensif\/","title":{"rendered":"Camp intensif AS"},"content":{"rendered":"<p><span style=\"color: #000000\"><img loading=\"lazy\" decoding=\"async\" class=\"alignnone wp-image-3904 size-full\" src=\"http:\/\/atoutsoccer.com\/wp-content\/uploads\/sites\/326\/2021\/03\/DSC09570_633-copy.png\" alt=\"\" width=\"1410\" height=\"940\" srcset=\"https:\/\/atoutsoccer.com\/wp-content\/uploads\/sites\/326\/2021\/03\/DSC09570_633-copy.png 1410w, https:\/\/atoutsoccer.com\/wp-content\/uploads\/sites\/326\/2021\/03\/DSC09570_633-copy-300x200.png 300w, https:\/\/atoutsoccer.com\/wp-content\/uploads\/sites\/326\/2021\/03\/DSC09570_633-copy-768x512.png 768w\" sizes=\"(max-width: 1410px) 100vw, 1410px\" \/><br \/>\n<\/span><\/p>\n<p><strong>Bonjour chers parents,<\/strong><\/p>\n<p>Cet \u00e9t\u00e9, on passe au niveau sup\u00e9rieur.<\/p>\n<p>Nous sommes fiers d\u2019annoncer notre <strong>Camp Intensif AS Soccer \/ Futsal<\/strong> pour les jeunes de <strong>7 \u00e0 13 ans (niveau interm\u00e9diaire et avanc\u00e9)<\/strong>.<\/p>\n<p>\ud83d\udcc5 29 juin au 3 juillet<br \/>\n\ud83d\udcc5 6 juillet au 10 juillet<br \/>\n\ud83d\udcc5 13 juillet au 17 juillet<\/p>\n<p>Trois semaines. Trois occasions de progresser pour vrai!!!!!!<\/p>\n<p>Les groupes seront form\u00e9s selon le niveau, avec un maximum de <strong>12 \u00e0 15 joueurs par groupe<\/strong> afin d\u2019assurer un encadrement personnalis\u00e9 et un travail plus individuel.<\/p>\n<p>Au programme :<\/p>\n<p>\u26bd S\u00e9ances d\u2019entra\u00eenement techniques et tactiques<br \/>\n\ud83c\udfa5 S\u00e9ances vid\u00e9o (analyse et compr\u00e9hension du jeu)<br \/>\n\ud83c\udfc3 Ateliers sp\u00e9cialis\u00e9s : coordination, pliom\u00e9trie et m\u00e9thode Coerver<br \/>\n\ud83c\udfc6 Tournois multisports (baseball, ultimate frisbee, futsal, etc.)<br \/>\n\u2b50 Un invit\u00e9 sp\u00e9cial viendra partager son exp\u00e9rience (Eduardo Sebrango)<\/p>\n<p>Ce camp, c\u2019est une immersion compl\u00e8te dans le monde du soccer.<br \/>\nOn d\u00e9veloppe des joueurs\u2026 mais aussi la confiance, la discipline et l\u2019esprit d\u2019\u00e9quipe.<\/p>\n<p>\ud83d\udccd Bishop\u2019s College School (BCS)<br \/>\n80, chemin Moulton Hill, Sherbrooke<\/p>\n<p>\ud83d\udd63 Camp : 8h30 \u00e0 16h<br \/>\n\ud83d\udd62 Service de garde : 7h30 \u00e0 17h30<\/p>\n<p>\ud83d\udcb0 355$ \/ semaine + taxes<br \/>\n\ud83c\udf7d Lunch inclus (buffet \u00e0 volont\u00e9)<br \/>\n\ud83d\udc55 Uniforme complet inclus<br \/>\n\ud83d\udc68\u200d\ud83d\udc69\u200d\ud83d\udc67\u200d\ud83d\udc66 Rabais disponibles pour fr\u00e8res et s\u0153urs<\/p>\n<p>Les places sont limit\u00e9es.<\/p>\n<p>Si votre enfant est un passionn\u00e9 qui veut progresser et vivre une semaine intense, enrichissante et motivante\u2026 ce camp est pour lui.<\/p>\n<h1><img loading=\"lazy\" decoding=\"async\" class=\"wp-image-5385 size-full aligncenter\" src=\"http:\/\/atoutsoccer.com\/wp-content\/uploads\/sites\/326\/2026\/03\/Eduardo-Sebrango-1.png\" alt=\"\" width=\"940\" height=\"788\" srcset=\"https:\/\/atoutsoccer.com\/wp-content\/uploads\/sites\/326\/2026\/03\/Eduardo-Sebrango-1.png 940w, https:\/\/atoutsoccer.com\/wp-content\/uploads\/sites\/326\/2026\/03\/Eduardo-Sebrango-1-300x251.png 300w, https:\/\/atoutsoccer.com\/wp-content\/uploads\/sites\/326\/2026\/03\/Eduardo-Sebrango-1-768x644.png 768w\" sizes=\"(max-width: 940px) 100vw, 940px\" \/><\/h1>\n<p><img loading=\"lazy\" decoding=\"async\" class=\"alignnone wp-image-5074 size-full\" src=\"http:\/\/atoutsoccer.com\/wp-content\/uploads\/sites\/326\/2025\/06\/509686878_1108306191185760_7240458331852509458_n.jpg\" alt=\"\" width=\"1266\" height=\"1311\" srcset=\"https:\/\/atoutsoccer.com\/wp-content\/uploads\/sites\/326\/2025\/06\/509686878_1108306191185760_7240458331852509458_n.jpg 1266w, https:\/\/atoutsoccer.com\/wp-content\/uploads\/sites\/326\/2025\/06\/509686878_1108306191185760_7240458331852509458_n-290x300.jpg 290w, https:\/\/atoutsoccer.com\/wp-content\/uploads\/sites\/326\/2025\/06\/509686878_1108306191185760_7240458331852509458_n-768x795.jpg 768w\" sizes=\"(max-width: 1266px) 100vw, 1266px\" \/><\/p>\n<h1><\/h1>\n<table style=\"border-collapse: collapse;width: 0%;height: 80px\" border=\"1\">\n<tbody>\n<tr style=\"height: 46px\">\n<td style=\"width: 100%;height: 46px;background-color: #ed1111;border-style: double;border-color: #140101;text-align: center\"><span style=\"font-size: 14pt\"><strong><span style=\"color: #ffffff\">Cliquez ici pour <a href=\"https:\/\/app.splextech.com\/#\/registration\/4d4861c4-7472-4931-9da9-e698855f5784\">s&#8217;inscrire<\/a><\/span><\/strong>\u00a0<\/span><\/td>\n<\/tr>\n<\/tbody>\n<\/table>\n<p style=\"text-align: left\"><span style=\"font-family: 'arial black', sans-serif;color: #ff0000\"><strong><span style=\"font-size: 24pt\">Liste du mat\u00e9riel requis:<\/span><\/strong><\/span><\/p>\n<ul style=\"list-style-type: square\">\n<li style=\"text-align: left\">Sac de sports<\/li>\n<li style=\"text-align: left\">Souliers de soccer<\/li>\n<li style=\"text-align: left\">souliers de futsal<\/li>\n<li style=\"text-align: left\">espadrilles pour l\u2019ext\u00e9rieur<\/li>\n<li style=\"text-align: left\">sac \u00e0 dos pour les transitions.<\/li>\n<li style=\"text-align: left\">v\u00eatements de soccer (shorts, bas, prot\u00e8ge-tibias, chandail de rechange)<\/li>\n<li>casquette ou chapeau<\/li>\n<li style=\"text-align: left\">gourde d&#8217;eau<\/li>\n<li style=\"text-align: left\">cr\u00e8me solaire<\/li>\n<li style=\"text-align: left\">collations sant\u00e9 (pas de noix)<\/li>\n<li>d\u00e9odorant<\/li>\n<\/ul>\n<p><span style=\"font-family: 'arial black', sans-serif;color: #ff0000\"><span style=\"color: #ff0000;font-family: arial black, sans-serif\"><span style=\"font-size: 32px\"><b>R\u00e8glements<\/b><\/span><\/span><strong style=\"color: #ff0000;font-family: 'arial black', sans-serif\"><span style=\"font-size: 24pt\">:<\/span><\/strong><\/span><\/p>\n<div>\n<p class=\"ydpf0ebae09yiv6608086508ydpcedf361cyiv3728704048ydp244349f6yiv3816355289ydp3a5974b5MsoNormal\"><span style=\"color: #ff0000\"><b><u>Code de vie\u00a0et comportement<\/u><\/b><\/span><\/p>\n<div>\n<ul type=\"disc\">\n<li class=\"ydpf0ebae09yiv6608086508ydpcedf361cyiv3728704048ydp244349f6yiv3816355289ydpb79d2d6MsoNormal\">Je fais attention aux lieux et j\u2019utilise le mat\u00e9riel qui m\u2019est pr\u00eat\u00e9 avec pr\u00e9caution.<\/li>\n<li class=\"ydpf0ebae09yiv6608086508ydpcedf361cyiv3728704048ydp244349f6yiv3816355289ydpb79d2d6MsoNormal\">J\u2019utilise un langage respectueux en tout temps.<\/li>\n<li class=\"ydpf0ebae09yiv6608086508ydpcedf361cyiv3728704048ydp244349f6yiv3816355289ydpb79d2d6MsoNormal\">Je respecte les autres autour de moi\u00a0: mes amis, les animateurs, les entraineurs et\u00a0la direction.<\/li>\n<li class=\"ydpf0ebae09yiv6608086508ydpcedf361cyiv3728704048ydp244349f6yiv3816355289ydpb79d2d6MsoNormal\">J\u2019\u00e9vite de bousculer les autres et de me chamailler.<\/li>\n<li class=\"ydpf0ebae09yiv6608086508ydpcedf361cyiv3728704048ydp244349f6yiv3816355289ydpb79d2d6MsoNormal\">Ne pas faire usage de violence, ne pas frapper, mordre ou avoir un comportement agressif envers les amis, les animateurs, les directeurs ou tous autres membres du personnel. Bref, la violence, c\u2019est tol\u00e9rance z\u00e9ro!<\/li>\n<li class=\"ydpf0ebae09yiv6608086508ydpcedf361cyiv3728704048ydp244349f6yiv3816355289ydpb79d2d6MsoNormal\">J\u2019utilise de bons gestes et j\u2019emploie de bons mots lorsque je m\u2019adresse aux autres.<\/li>\n<li class=\"ydpf0ebae09yiv6608086508ydpcedf361cyiv3728704048ydp244349f6yiv3816355289ydpb79d2d6MsoNormal\">Apporter des collations qui sont bonnes pour la sant\u00e9.<\/li>\n<li class=\"ydpf0ebae09yiv6608086508ydpcedf361cyiv3728704048ydp244349f6yiv3816355289ydpb79d2d6MsoNormal\">\u00a0<b>Les cellulaires, les tablettes ou jeux \u00e9lectroniques ne sont pas permis au camp. Seuls les animateurs et les entra\u00eeneurs peuvent utiliser leurs cellulaires pour communiquer ou prendre des photos.<\/b><\/li>\n<li class=\"ydpf0ebae09yiv6608086508ydpcedf361cyiv3728704048ydp244349f6yiv3816355289ydpb79d2d6MsoNormal\">Porter des v\u00eatements d\u00e9cents et adapt\u00e9s aux activit\u00e9s du camp de jour. La chandail d\u2019Atout Soccer est\u00a0<b>obligatoire\u00a0dans le camp!<\/b><\/li>\n<li class=\"ydpf0ebae09yiv6608086508ydpcedf361cyiv3728704048ydp244349f6yiv3816355289ydpb79d2d6MsoNormal\">Ne pas laisser des effets personnels ou des d\u00e9chets derri\u00e8re soi.<\/li>\n<li class=\"ydpf0ebae09yiv6608086508ydpcedf361cyiv3728704048ydp244349f6yiv3816355289ydpb79d2d6MsoNormal\">\u00a0Maintenir et contribuer \u00e0 maintenir un environnement propre, organis\u00e9 et en bon \u00e9tat\u00a0en tout temps.<\/li>\n<li class=\"ydpf0ebae09yiv6608086508ydpcedf361cyiv3728704048ydp244349f6yiv3816355289ydpb79d2d6MsoNormal\">\u00a0<b>Les prot\u00e8ge-tibias sont obligatoires lors des matchs et des entra\u00eenements.<\/b><\/li>\n<li class=\"ydpf0ebae09yiv6608086508ydpcedf361cyiv3728704048ydp244349f6yiv3816355289ydpb79d2d6MsoNormal\"><b>Ne pas s\u2019\u00e9loigner du site sans la surveillance ou la permission d\u2019un animateur ou d&#8217;un entra\u00eeneur.<br \/>\n<\/b><\/li>\n<\/ul>\n<p class=\"ydpf0ebae09yiv6608086508ydpcedf361cyiv3728704048ydp244349f6yiv3816355289ydpb79d2d6MsoListParagraphCxSpFirst\">\u00a0 \u00a0<span style=\"font-family: Symbol\">\u00a0\u00a0<\/span>\u00a0 \u00a0<span style=\"color: #ff0000\">\u00a0<b><u>\u00c9tapes d\u2019intervention pour un participant<\/u><\/b><b>\u00a0:<\/b><\/span><\/p>\n<\/div>\n<p>&nbsp;<\/p>\n<\/div>\n<div>\n<p class=\"ydpf0ebae09yiv6608086508ydpcedf361cyiv3728704048ydp244349f6yiv3816355289ydp3a5974b5MsoNormal\">\u00a01.\u00a0 \u00a0 \u00a0Avertissement verbal par l\u2019animateur et, si n\u00e9cessaire, suivi avec le(s) parent(s) ou tuteur.<\/p>\n<p class=\"ydpf0ebae09yiv6608086508ydpcedf361cyiv3728704048ydp244349f6yiv3816355289ydp3a5974b5ListParagraphCxSpMiddle\">2.\u00a0 \u00a0 \u00a0 Rencontre avec l\u2019animateur et un membre de la direction et, si n\u00e9cessaire, suivi avec le(s) parent(s) ou tuteur.<\/p>\n<p class=\"ydpf0ebae09yiv6608086508ydpcedf361cyiv3728704048ydp244349f6yiv3816355289ydp3a5974b5ListParagraphCxSpMiddle\">3.\u00a0 \u00a0 \u00a0 Rencontre avec le(s) parent(s) ou tuteur et un membre de la direction.<\/p>\n<p class=\"ydpf0ebae09yiv6608086508ydpcedf361cyiv3728704048ydp244349f6yiv3816355289ydp3a5974b5ListParagraphCxSpMiddle\">4.\u00a0 \u00a0 \u00a0 Avertissement \u00e9crit, rencontre avec le(s) parent(s) ou tuteur et suspension d\u2019un jour.<\/p>\n<div>5.\u00a0 \u00a0 \u00a0 Expulsion (avec remboursement proportionnel aux nombres de journ\u00e9es d\u2019activit\u00e9s restant moins les frais d\u2019administration).<\/div>\n<div><\/div>\n<div><\/div>\n<div>\n<p class=\"ydpf0ebae09yiv6608086508ydpcedf361cyiv3728704048ydpf0cc7ec6MsoNormal\"><span style=\"font-family: 'arial black', sans-serif\"><strong><span style=\"font-size: medium\">Le service de garde d\u00e9bute \u00e0 7h30 et se termine \u00e0 17h30. Il y aura des frais suppl\u00e9mentaires (15$\/30 min) pour les parents qui arriveront en retard.<\/span><\/strong><\/span><\/p>\n<p class=\"ydpf0ebae09yiv6608086508ydpcedf361cyiv3728704048ydpf0cc7ec6MsoNormal\"><span style=\"font-size: medium\">\u00a0<\/span><\/p>\n<\/div>\n<\/div>\n<p style=\"text-align: center\">\n","protected":false},"excerpt":{"rendered":"<p>Bonjour chers parents, Cet \u00e9t\u00e9, on passe au niveau sup\u00e9rieur. Nous sommes fiers d\u2019annoncer notre Camp Intensif AS Soccer \/ Futsal pour les jeunes de 7 \u00e0 13 ans (niveau interm\u00e9diaire et avanc\u00e9). \ud83d\udcc5 29 juin au 3 juillet \ud83d\udcc5 6 juillet au 10 juillet \ud83d\udcc5 13 juillet au 17 juillet Trois semaines. Trois occasions [&hellip;]<\/p>\n","protected":false},"author":242,"featured_media":0,"parent":0,"menu_order":0,"comment_status":"closed","ping_status":"closed","template":"","meta":{"_acf_changed":false,"footnotes":""},"class_list":["post-3953","page","type-page","status-publish","hentry"],"acf":[],"yoast_head":"<!-- This site is optimized with the Yoast SEO plugin v25.7 - https:\/\/yoast.com\/wordpress\/plugins\/seo\/ -->\n<title>Camp intensif AS - Atout Soccer<\/title>\n<meta name=\"robots\" content=\"index, follow, max-snippet:-1, max-image-preview:large, max-video-preview:-1\" \/>\n<link rel=\"canonical\" href=\"https:\/\/atoutsoccer.com\/en\/camp-intensif\/\" \/>\n<meta property=\"og:locale\" content=\"en_US\" \/>\n<meta property=\"og:type\" content=\"article\" \/>\n<meta property=\"og:title\" content=\"Camp intensif AS - Atout Soccer\" \/>\n<meta property=\"og:description\" content=\"Bonjour chers parents, Cet \u00e9t\u00e9, on passe au niveau sup\u00e9rieur. Nous sommes fiers d\u2019annoncer notre Camp Intensif AS Soccer \/ Futsal pour les jeunes de 7 \u00e0 13 ans (niveau interm\u00e9diaire et avanc\u00e9). \ud83d\udcc5 29 juin au 3 juillet \ud83d\udcc5 6 juillet au 10 juillet \ud83d\udcc5 13 juillet au 17 juillet Trois semaines. Trois occasions [&hellip;]\" \/>\n<meta property=\"og:url\" content=\"https:\/\/atoutsoccer.com\/en\/camp-intensif\/\" \/>\n<meta property=\"og:site_name\" content=\"Atout Soccer\" \/>\n<meta property=\"article:modified_time\" content=\"2026-03-27T21:52:35+00:00\" \/>\n<meta property=\"og:image\" content=\"https:\/\/atoutsoccer.com\/wp-content\/uploads\/sites\/326\/2021\/03\/DSC09570_633-copy.png\" \/>\n\t<meta property=\"og:image:width\" content=\"1410\" \/>\n\t<meta property=\"og:image:height\" content=\"940\" \/>\n\t<meta property=\"og:image:type\" content=\"image\/png\" \/>\n<meta name=\"twitter:card\" content=\"summary_large_image\" \/>\n<meta name=\"twitter:label1\" content=\"Est. reading time\" \/>\n\t<meta name=\"twitter:data1\" content=\"4 minutes\" \/>\n<script type=\"application\/ld+json\" class=\"yoast-schema-graph\">{\"@context\":\"https:\/\/schema.org\",\"@graph\":[{\"@type\":\"WebPage\",\"@id\":\"https:\/\/atoutsoccer.com\/en\/camp-intensif\/\",\"url\":\"https:\/\/atoutsoccer.com\/en\/camp-intensif\/\",\"name\":\"Camp intensif AS - Atout Soccer\",\"isPartOf\":{\"@id\":\"https:\/\/atoutsoccer.com\/#website\"},\"primaryImageOfPage\":{\"@id\":\"https:\/\/atoutsoccer.com\/en\/camp-intensif\/#primaryimage\"},\"image\":{\"@id\":\"https:\/\/atoutsoccer.com\/en\/camp-intensif\/#primaryimage\"},\"thumbnailUrl\":\"http:\/\/atoutsoccer.com\/wp-content\/uploads\/sites\/326\/2021\/03\/DSC09570_633-copy.png\",\"datePublished\":\"2019-04-10T13:23:22+00:00\",\"dateModified\":\"2026-03-27T21:52:35+00:00\",\"breadcrumb\":{\"@id\":\"https:\/\/atoutsoccer.com\/en\/camp-intensif\/#breadcrumb\"},\"inLanguage\":\"en-US\",\"potentialAction\":[{\"@type\":\"ReadAction\",\"target\":[\"https:\/\/atoutsoccer.com\/en\/camp-intensif\/\"]}]},{\"@type\":\"ImageObject\",\"inLanguage\":\"en-US\",\"@id\":\"https:\/\/atoutsoccer.com\/en\/camp-intensif\/#primaryimage\",\"url\":\"http:\/\/atoutsoccer.com\/wp-content\/uploads\/sites\/326\/2021\/03\/DSC09570_633-copy.png\",\"contentUrl\":\"http:\/\/atoutsoccer.com\/wp-content\/uploads\/sites\/326\/2021\/03\/DSC09570_633-copy.png\"},{\"@type\":\"BreadcrumbList\",\"@id\":\"https:\/\/atoutsoccer.com\/en\/camp-intensif\/#breadcrumb\",\"itemListElement\":[{\"@type\":\"ListItem\",\"position\":1,\"name\":\"Accueil\",\"item\":\"https:\/\/atoutsoccer.com\/en\/\"},{\"@type\":\"ListItem\",\"position\":2,\"name\":\"Camp intensif AS\"}]},{\"@type\":\"WebSite\",\"@id\":\"https:\/\/atoutsoccer.com\/#website\",\"url\":\"https:\/\/atoutsoccer.com\/\",\"name\":\"Atout Soccer\",\"description\":\"Un site utilisant Les sites de Shark M\u00e9dia & Sport, template Slapshot\",\"potentialAction\":[{\"@type\":\"SearchAction\",\"target\":{\"@type\":\"EntryPoint\",\"urlTemplate\":\"https:\/\/atoutsoccer.com\/?s={search_term_string}\"},\"query-input\":{\"@type\":\"PropertyValueSpecification\",\"valueRequired\":true,\"valueName\":\"search_term_string\"}}],\"inLanguage\":\"en-US\"}]}<\/script>\n<!-- \/ Yoast SEO plugin. -->","yoast_head_json":{"title":"Camp intensif AS - Atout Soccer","robots":{"index":"index","follow":"follow","max-snippet":"max-snippet:-1","max-image-preview":"max-image-preview:large","max-video-preview":"max-video-preview:-1"},"canonical":"https:\/\/atoutsoccer.com\/en\/camp-intensif\/","og_locale":"en_US","og_type":"article","og_title":"Camp intensif AS - Atout Soccer","og_description":"Bonjour chers parents, Cet \u00e9t\u00e9, on passe au niveau sup\u00e9rieur. Nous sommes fiers d\u2019annoncer notre Camp Intensif AS Soccer \/ Futsal pour les jeunes de 7 \u00e0 13 ans (niveau interm\u00e9diaire et avanc\u00e9). \ud83d\udcc5 29 juin au 3 juillet \ud83d\udcc5 6 juillet au 10 juillet \ud83d\udcc5 13 juillet au 17 juillet Trois semaines. Trois occasions [&hellip;]","og_url":"https:\/\/atoutsoccer.com\/en\/camp-intensif\/","og_site_name":"Atout Soccer","article_modified_time":"2026-03-27T21:52:35+00:00","og_image":[{"url":"https:\/\/atoutsoccer.com\/wp-content\/uploads\/sites\/326\/2021\/03\/DSC09570_633-copy.png","width":1410,"height":940,"type":"image\/png"}],"twitter_card":"summary_large_image","twitter_misc":{"Est. reading time":"4 minutes"},"schema":{"@context":"https:\/\/schema.org","@graph":[{"@type":"WebPage","@id":"https:\/\/atoutsoccer.com\/en\/camp-intensif\/","url":"https:\/\/atoutsoccer.com\/en\/camp-intensif\/","name":"Camp intensif AS - Atout Soccer","isPartOf":{"@id":"https:\/\/atoutsoccer.com\/#website"},"primaryImageOfPage":{"@id":"https:\/\/atoutsoccer.com\/en\/camp-intensif\/#primaryimage"},"image":{"@id":"https:\/\/atoutsoccer.com\/en\/camp-intensif\/#primaryimage"},"thumbnailUrl":"http:\/\/atoutsoccer.com\/wp-content\/uploads\/sites\/326\/2021\/03\/DSC09570_633-copy.png","datePublished":"2019-04-10T13:23:22+00:00","dateModified":"2026-03-27T21:52:35+00:00","breadcrumb":{"@id":"https:\/\/atoutsoccer.com\/en\/camp-intensif\/#breadcrumb"},"inLanguage":"en-US","potentialAction":[{"@type":"ReadAction","target":["https:\/\/atoutsoccer.com\/en\/camp-intensif\/"]}]},{"@type":"ImageObject","inLanguage":"en-US","@id":"https:\/\/atoutsoccer.com\/en\/camp-intensif\/#primaryimage","url":"http:\/\/atoutsoccer.com\/wp-content\/uploads\/sites\/326\/2021\/03\/DSC09570_633-copy.png","contentUrl":"http:\/\/atoutsoccer.com\/wp-content\/uploads\/sites\/326\/2021\/03\/DSC09570_633-copy.png"},{"@type":"BreadcrumbList","@id":"https:\/\/atoutsoccer.com\/en\/camp-intensif\/#breadcrumb","itemListElement":[{"@type":"ListItem","position":1,"name":"Accueil","item":"https:\/\/atoutsoccer.com\/en\/"},{"@type":"ListItem","position":2,"name":"Camp intensif AS"}]},{"@type":"WebSite","@id":"https:\/\/atoutsoccer.com\/#website","url":"https:\/\/atoutsoccer.com\/","name":"Atout Soccer","description":"Un site utilisant Les sites de Shark M\u00e9dia & Sport, template Slapshot","potentialAction":[{"@type":"SearchAction","target":{"@type":"EntryPoint","urlTemplate":"https:\/\/atoutsoccer.com\/?s={search_term_string}"},"query-input":{"@type":"PropertyValueSpecification","valueRequired":true,"valueName":"search_term_string"}}],"inLanguage":"en-US"}]}},"_links":{"self":[{"href":"https:\/\/atoutsoccer.com\/en\/wp-json\/wp\/v2\/pages\/3953","targetHints":{"allow":["GET"]}}],"collection":[{"href":"https:\/\/atoutsoccer.com\/en\/wp-json\/wp\/v2\/pages"}],"about":[{"href":"https:\/\/atoutsoccer.com\/en\/wp-json\/wp\/v2\/types\/page"}],"author":[{"embeddable":true,"href":"https:\/\/atoutsoccer.com\/en\/wp-json\/wp\/v2\/users\/242"}],"replies":[{"embeddable":true,"href":"https:\/\/atoutsoccer.com\/en\/wp-json\/wp\/v2\/comments?post=3953"}],"version-history":[{"count":31,"href":"https:\/\/atoutsoccer.com\/en\/wp-json\/wp\/v2\/pages\/3953\/revisions"}],"predecessor-version":[{"id":5391,"href":"https:\/\/atoutsoccer.com\/en\/wp-json\/wp\/v2\/pages\/3953\/revisions\/5391"}],"wp:attachment":[{"href":"https:\/\/atoutsoccer.com\/en\/wp-json\/wp\/v2\/media?parent=3953"}],"curies":[{"name":"wp","href":"https:\/\/api.w.org\/{rel}","templated":true}]}}