{"id":3950,"date":"2019-06-01T20:03:45","date_gmt":"2019-06-02T00:03:45","guid":{"rendered":"https:\/\/atoutsoccer.com\/session-dete-2019\/"},"modified":"2021-05-27T16:52:07","modified_gmt":"2021-05-27T20:52:07","slug":"session-dete-2019","status":"publish","type":"page","link":"https:\/\/atoutsoccer.com\/en\/session-dete-2019\/","title":{"rendered":"Session d&#8217;\u00e9t\u00e9 2021"},"content":{"rendered":"<div><img loading=\"lazy\" decoding=\"async\" class=\"wp-image-3940 aligncenter\" src=\"http:\/\/atoutsoccer.com\/wp-content\/uploads\/sites\/326\/2021\/05\/Session-ete-2-225x300.jpg\" alt=\"\" width=\"565\" height=\"753\" srcset=\"https:\/\/atoutsoccer.com\/wp-content\/uploads\/sites\/326\/2021\/05\/Session-ete-2-225x300.jpg 225w, https:\/\/atoutsoccer.com\/wp-content\/uploads\/sites\/326\/2021\/05\/Session-ete-2-1500x2000.jpg 1500w, https:\/\/atoutsoccer.com\/wp-content\/uploads\/sites\/326\/2021\/05\/Session-ete-2-768x1024.jpg 768w, https:\/\/atoutsoccer.com\/wp-content\/uploads\/sites\/326\/2021\/05\/Session-ete-2-1152x1536.jpg 1152w, https:\/\/atoutsoccer.com\/wp-content\/uploads\/sites\/326\/2021\/05\/Session-ete-2-1536x2048.jpg 1536w, https:\/\/atoutsoccer.com\/wp-content\/uploads\/sites\/326\/2021\/05\/Session-ete-2.jpg 1728w\" sizes=\"(max-width: 565px) 100vw, 565px\" \/><\/div>\n<div>Nous offrons pour la toute premi\u00e8re fois une session d\u2019\u00e9t\u00e9.<\/div>\n<div>Les s\u00e9ances auront lieu au terrain de soccer ext\u00e9rieur de l\u2019\u00e9cole secondaire le Sal\u00e9sien(\u00a0<a rel=\"nofollow\">135, rue Don Bosco Nord,\u00a0<\/a><a rel=\"nofollow\">Sherbrooke, Qu\u00e9bec,\u00a0<\/a><a rel=\"nofollow\">J1L 1E5<\/a>) les \u00a0mercredis soirs\u00a0<a rel=\"nofollow\">de 17h45 \u00e0 19h<\/a>.<\/div>\n<div><\/div>\n<div>Nous d\u00e9buterons \u00a0<a rel=\"nofollow\">le 16 juin<\/a>. La session se poursuivra tous les mercredis\u00a0<a rel=\"nofollow\">jusqu\u2019au 18 ao\u00fbt, \u00a0donc 10 s\u00e9ances au total<\/a>. Le co\u00fbt est de 155$ taxes incluses et chandail d\u2019entra\u00eenement inclus aussi.<\/div>\n<div><\/div>\n<div><\/div>\n<div>Les s\u00e9ances seront divis\u00e9es: \u00e9chauffement, exercices techniques et mini-Matchs 3 vs 3 ou 2 vs 2 et elles seront encadr\u00e9es par nos entra\u00eeneurs.<\/div>\n<div><\/div>\n<div><\/div>\n<div><strong><span style=\"color: #ff0000\">****Important****<\/span> <\/strong>En cas de pluie ou d\u2019orage, les cours seront suspendus sans reprise. Et l\u2019annonce se fera \u00a0sur notre page Facebook!<\/div>\n<div><\/div>\n<div>\n<p>Vous devez vous inscrire sur l\u2019application Sportnroll:<\/p>\n<table style=\"height: 46px;width: 21.5324%;border-collapse: collapse;background-color: #ab1818\" border=\"1\">\n<tbody>\n<tr>\n<td style=\"width: 100%;text-align: center\"><a href=\"https:\/\/app.sportnroll.com\/#\/registration\/0313a0e7-8677-4fb7-97ca-8b6e60be404e\"><span style=\"color: #ffffff\">Inscris-toi maintenant!<\/span><\/a><\/td>\n<\/tr>\n<\/tbody>\n<\/table>\n<p>&nbsp;<\/p>\n<\/div>\n<div><span style=\"color: #000000\">Les paiements par virement bancaire, ch\u00e8que ou argent comptant sont accept\u00e9s. Dans l\u2019application, vous pouvez payer par carte de cr\u00e9dit.<\/span><\/div>\n<div><\/div>\n<div><\/div>\n<div>Merci beaucoup et au plaisir de vous rencontrer dans cette activit\u00e9.<\/div>\n","protected":false},"excerpt":{"rendered":"<p>Nous offrons pour la toute premi\u00e8re fois une session d\u2019\u00e9t\u00e9. Les s\u00e9ances auront lieu au terrain de soccer ext\u00e9rieur de l\u2019\u00e9cole secondaire le Sal\u00e9sien(\u00a0135, rue Don Bosco Nord,\u00a0Sherbrooke, Qu\u00e9bec,\u00a0J1L 1E5) les \u00a0mercredis soirs\u00a0de 17h45 \u00e0 19h. Nous d\u00e9buterons \u00a0le 16 juin. La session se poursuivra tous les mercredis\u00a0jusqu\u2019au 18 ao\u00fbt, \u00a0donc 10 s\u00e9ances au total. [&hellip;]<\/p>\n","protected":false},"author":244,"featured_media":0,"parent":0,"menu_order":0,"comment_status":"closed","ping_status":"closed","template":"","meta":{"_acf_changed":false,"footnotes":""},"class_list":["post-3950","page","type-page","status-publish","hentry"],"acf":[],"yoast_head":"<!-- This site is optimized with the Yoast SEO plugin v25.7 - https:\/\/yoast.com\/wordpress\/plugins\/seo\/ -->\n<title>Session d&#039;\u00e9t\u00e9 2021 - Atout Soccer<\/title>\n<meta name=\"robots\" content=\"index, follow, max-snippet:-1, max-image-preview:large, max-video-preview:-1\" \/>\n<link rel=\"canonical\" href=\"https:\/\/atoutsoccer.com\/en\/session-dete-2019\/\" \/>\n<meta property=\"og:locale\" content=\"en_US\" \/>\n<meta property=\"og:type\" content=\"article\" \/>\n<meta property=\"og:title\" content=\"Session d&#039;\u00e9t\u00e9 2021 - Atout Soccer\" \/>\n<meta property=\"og:description\" content=\"Nous offrons pour la toute premi\u00e8re fois une session d\u2019\u00e9t\u00e9. Les s\u00e9ances auront lieu au terrain de soccer ext\u00e9rieur de l\u2019\u00e9cole secondaire le Sal\u00e9sien(\u00a0135, rue Don Bosco Nord,\u00a0Sherbrooke, Qu\u00e9bec,\u00a0J1L 1E5) les \u00a0mercredis soirs\u00a0de 17h45 \u00e0 19h. Nous d\u00e9buterons \u00a0le 16 juin. La session se poursuivra tous les mercredis\u00a0jusqu\u2019au 18 ao\u00fbt, \u00a0donc 10 s\u00e9ances au total. [&hellip;]\" \/>\n<meta property=\"og:url\" content=\"https:\/\/atoutsoccer.com\/en\/session-dete-2019\/\" \/>\n<meta property=\"og:site_name\" content=\"Atout Soccer\" \/>\n<meta property=\"article:modified_time\" content=\"2021-05-27T20:52:07+00:00\" \/>\n<meta property=\"og:image\" content=\"http:\/\/atoutsoccer.com\/wp-content\/uploads\/sites\/326\/2021\/05\/Session-ete-2-225x300.jpg\" \/>\n<meta name=\"twitter:card\" content=\"summary_large_image\" \/>\n<meta name=\"twitter:label1\" content=\"Est. reading time\" \/>\n\t<meta name=\"twitter:data1\" content=\"1 minute\" \/>\n<script type=\"application\/ld+json\" class=\"yoast-schema-graph\">{\"@context\":\"https:\/\/schema.org\",\"@graph\":[{\"@type\":\"WebPage\",\"@id\":\"https:\/\/atoutsoccer.com\/en\/session-dete-2019\/\",\"url\":\"https:\/\/atoutsoccer.com\/en\/session-dete-2019\/\",\"name\":\"Session d'\u00e9t\u00e9 2021 - Atout Soccer\",\"isPartOf\":{\"@id\":\"https:\/\/atoutsoccer.com\/#website\"},\"primaryImageOfPage\":{\"@id\":\"https:\/\/atoutsoccer.com\/en\/session-dete-2019\/#primaryimage\"},\"image\":{\"@id\":\"https:\/\/atoutsoccer.com\/en\/session-dete-2019\/#primaryimage\"},\"thumbnailUrl\":\"http:\/\/atoutsoccer.com\/wp-content\/uploads\/sites\/326\/2021\/05\/Session-ete-2-225x300.jpg\",\"datePublished\":\"2019-06-02T00:03:45+00:00\",\"dateModified\":\"2021-05-27T20:52:07+00:00\",\"breadcrumb\":{\"@id\":\"https:\/\/atoutsoccer.com\/en\/session-dete-2019\/#breadcrumb\"},\"inLanguage\":\"en-US\",\"potentialAction\":[{\"@type\":\"ReadAction\",\"target\":[\"https:\/\/atoutsoccer.com\/en\/session-dete-2019\/\"]}]},{\"@type\":\"ImageObject\",\"inLanguage\":\"en-US\",\"@id\":\"https:\/\/atoutsoccer.com\/en\/session-dete-2019\/#primaryimage\",\"url\":\"http:\/\/atoutsoccer.com\/wp-content\/uploads\/sites\/326\/2021\/05\/Session-ete-2-225x300.jpg\",\"contentUrl\":\"http:\/\/atoutsoccer.com\/wp-content\/uploads\/sites\/326\/2021\/05\/Session-ete-2-225x300.jpg\"},{\"@type\":\"BreadcrumbList\",\"@id\":\"https:\/\/atoutsoccer.com\/en\/session-dete-2019\/#breadcrumb\",\"itemListElement\":[{\"@type\":\"ListItem\",\"position\":1,\"name\":\"Accueil\",\"item\":\"https:\/\/atoutsoccer.com\/en\/\"},{\"@type\":\"ListItem\",\"position\":2,\"name\":\"Session d&#8217;\u00e9t\u00e9 2021\"}]},{\"@type\":\"WebSite\",\"@id\":\"https:\/\/atoutsoccer.com\/#website\",\"url\":\"https:\/\/atoutsoccer.com\/\",\"name\":\"Atout Soccer\",\"description\":\"Un site utilisant Les sites de Shark M\u00e9dia & Sport, template Slapshot\",\"potentialAction\":[{\"@type\":\"SearchAction\",\"target\":{\"@type\":\"EntryPoint\",\"urlTemplate\":\"https:\/\/atoutsoccer.com\/?s={search_term_string}\"},\"query-input\":{\"@type\":\"PropertyValueSpecification\",\"valueRequired\":true,\"valueName\":\"search_term_string\"}}],\"inLanguage\":\"en-US\"}]}<\/script>\n<!-- \/ Yoast SEO plugin. -->","yoast_head_json":{"title":"Session d'\u00e9t\u00e9 2021 - Atout Soccer","robots":{"index":"index","follow":"follow","max-snippet":"max-snippet:-1","max-image-preview":"max-image-preview:large","max-video-preview":"max-video-preview:-1"},"canonical":"https:\/\/atoutsoccer.com\/en\/session-dete-2019\/","og_locale":"en_US","og_type":"article","og_title":"Session d'\u00e9t\u00e9 2021 - Atout Soccer","og_description":"Nous offrons pour la toute premi\u00e8re fois une session d\u2019\u00e9t\u00e9. Les s\u00e9ances auront lieu au terrain de soccer ext\u00e9rieur de l\u2019\u00e9cole secondaire le Sal\u00e9sien(\u00a0135, rue Don Bosco Nord,\u00a0Sherbrooke, Qu\u00e9bec,\u00a0J1L 1E5) les \u00a0mercredis soirs\u00a0de 17h45 \u00e0 19h. Nous d\u00e9buterons \u00a0le 16 juin. La session se poursuivra tous les mercredis\u00a0jusqu\u2019au 18 ao\u00fbt, \u00a0donc 10 s\u00e9ances au total. [&hellip;]","og_url":"https:\/\/atoutsoccer.com\/en\/session-dete-2019\/","og_site_name":"Atout Soccer","article_modified_time":"2021-05-27T20:52:07+00:00","og_image":[{"url":"http:\/\/atoutsoccer.com\/wp-content\/uploads\/sites\/326\/2021\/05\/Session-ete-2-225x300.jpg","type":"","width":"","height":""}],"twitter_card":"summary_large_image","twitter_misc":{"Est. reading time":"1 minute"},"schema":{"@context":"https:\/\/schema.org","@graph":[{"@type":"WebPage","@id":"https:\/\/atoutsoccer.com\/en\/session-dete-2019\/","url":"https:\/\/atoutsoccer.com\/en\/session-dete-2019\/","name":"Session d'\u00e9t\u00e9 2021 - Atout Soccer","isPartOf":{"@id":"https:\/\/atoutsoccer.com\/#website"},"primaryImageOfPage":{"@id":"https:\/\/atoutsoccer.com\/en\/session-dete-2019\/#primaryimage"},"image":{"@id":"https:\/\/atoutsoccer.com\/en\/session-dete-2019\/#primaryimage"},"thumbnailUrl":"http:\/\/atoutsoccer.com\/wp-content\/uploads\/sites\/326\/2021\/05\/Session-ete-2-225x300.jpg","datePublished":"2019-06-02T00:03:45+00:00","dateModified":"2021-05-27T20:52:07+00:00","breadcrumb":{"@id":"https:\/\/atoutsoccer.com\/en\/session-dete-2019\/#breadcrumb"},"inLanguage":"en-US","potentialAction":[{"@type":"ReadAction","target":["https:\/\/atoutsoccer.com\/en\/session-dete-2019\/"]}]},{"@type":"ImageObject","inLanguage":"en-US","@id":"https:\/\/atoutsoccer.com\/en\/session-dete-2019\/#primaryimage","url":"http:\/\/atoutsoccer.com\/wp-content\/uploads\/sites\/326\/2021\/05\/Session-ete-2-225x300.jpg","contentUrl":"http:\/\/atoutsoccer.com\/wp-content\/uploads\/sites\/326\/2021\/05\/Session-ete-2-225x300.jpg"},{"@type":"BreadcrumbList","@id":"https:\/\/atoutsoccer.com\/en\/session-dete-2019\/#breadcrumb","itemListElement":[{"@type":"ListItem","position":1,"name":"Accueil","item":"https:\/\/atoutsoccer.com\/en\/"},{"@type":"ListItem","position":2,"name":"Session d&#8217;\u00e9t\u00e9 2021"}]},{"@type":"WebSite","@id":"https:\/\/atoutsoccer.com\/#website","url":"https:\/\/atoutsoccer.com\/","name":"Atout Soccer","description":"Un site utilisant Les sites de Shark M\u00e9dia & Sport, template Slapshot","potentialAction":[{"@type":"SearchAction","target":{"@type":"EntryPoint","urlTemplate":"https:\/\/atoutsoccer.com\/?s={search_term_string}"},"query-input":{"@type":"PropertyValueSpecification","valueRequired":true,"valueName":"search_term_string"}}],"inLanguage":"en-US"}]}},"_links":{"self":[{"href":"https:\/\/atoutsoccer.com\/en\/wp-json\/wp\/v2\/pages\/3950","targetHints":{"allow":["GET"]}}],"collection":[{"href":"https:\/\/atoutsoccer.com\/en\/wp-json\/wp\/v2\/pages"}],"about":[{"href":"https:\/\/atoutsoccer.com\/en\/wp-json\/wp\/v2\/types\/page"}],"author":[{"embeddable":true,"href":"https:\/\/atoutsoccer.com\/en\/wp-json\/wp\/v2\/users\/244"}],"replies":[{"embeddable":true,"href":"https:\/\/atoutsoccer.com\/en\/wp-json\/wp\/v2\/comments?post=3950"}],"version-history":[{"count":1,"href":"https:\/\/atoutsoccer.com\/en\/wp-json\/wp\/v2\/pages\/3950\/revisions"}],"predecessor-version":[{"id":3951,"href":"https:\/\/atoutsoccer.com\/en\/wp-json\/wp\/v2\/pages\/3950\/revisions\/3951"}],"wp:attachment":[{"href":"https:\/\/atoutsoccer.com\/en\/wp-json\/wp\/v2\/media?parent=3950"}],"curies":[{"name":"wp","href":"https:\/\/api.w.org\/{rel}","templated":true}]}}